{"id":1331,"date":"2021-11-26T12:44:11","date_gmt":"2021-11-26T11:44:11","guid":{"rendered":"https:\/\/pletervatrometi.hr\/naslovnica\/"},"modified":"2024-10-25T17:30:53","modified_gmt":"2024-10-25T15:30:53","slug":"naslovnica","status":"publish","type":"page","link":"https:\/\/pletervatrometi.hr\/en\/","title":{"rendered":"Naslovnica"},"content":{"rendered":"\n<div class=\"wp-block-getwid-section getwid-anim fadeInDown getwid-margin-top-none getwid-margin-bottom-none getwid-section-content-full-width\" data-wow-duration=\"1500ms\" data-wow-delay=\"200ms\"><div class=\"wp-block-getwid-section__wrapper getwid-padding-top-none getwid-padding-bottom-none getwid-padding-left-none getwid-padding-right-none getwid-margin-left-none getwid-margin-right-none\"><div class=\"wp-block-getwid-section__divider is-bottom-divider\"><svg x=\"0px\" y=\"0px\" viewBox=\"0 0 1000 100\" preserveAspectRatio=\"none\" class=\"wp-block-getwid-section__divider-svg\"><polygon fill=\"#05a89c\" points=\"0.2,0 11.8,21.8 34.7,16.3 54.8,39.2 111.3,32.6 123.5,59.9 209,48.8 245.5,63.3 290,53.3 353,74 456,59.6 501.5,73.3 565,56.2 627,71.8 671,59.2 764,71.8 790,53.3 879,65.9 893,40.7 960,46.3 1000,27.4 1000,0 \"><\/polygon><polygon fill=\"#05a89c\" opacity=\"0.5\" class=\"wp-block-getwid-section__divider-svg-fill\" points=\"0,0 0,10 11.8,31.8 34.7,26.3 54.8,49.2 111.3,42.6 123.5,69.9 209,58.8 245.5,73.3 290,63.3 353,84 456,69.6 501.5,83.3 565,66.2 627,81.8 671,69.2 764,81.8 790,63.3 879,75.9 893,50.7 960,56.3 1000,37.4 1000,0\"><\/polygon><\/svg><\/div><div class=\"wp-block-getwid-section__inner-wrapper\"><div class=\"wp-block-getwid-section__background-holder\"><div class=\"wp-block-getwid-section__background\"><\/div><div class=\"wp-block-getwid-section__foreground\"><\/div><\/div><div class=\"wp-block-getwid-section__content\"><div class=\"wp-block-getwid-section__inner-content\"><section id=\"naslovniSlider-block_4f047701971251d57cff11f2c951872d\" class=\"naslovniSlider \">\n<div id=\"sliderWrap-block_4f047701971251d57cff11f2c951872d\" class=\"sliderWrap\">\n<div class=\"singleSlide lijevo\">\n<a class=\"mainLink\" href=\"#\">\n<figure>\n  <img decoding=\"async\" src=\"https:\/\/pletervatrometi.hr\/cms\/wp-content\/uploads\/2024\/09\/mladenci-vatromet-za-vjencanje-1280x1000.jpg\" alt=\"\" \/>\n<\/figure>\n<div class=\"slideSadrzaj\">\n\n<div class=\"naslov\">\n<h2><\/h2>\n<\/div> <!--\/.naslov-->\n<div class=\"opis\">\n.<\/div><!--\/.opis-->\n<div class=\"tipkaWrap\">\n<button class=\"tipke\">Saznajte vi\u0161e<\/button>\n<\/div><!--\/.tipkaWrap-->\n<\/div><!--\/.slideSadrzaj-->\n<\/a>\n<\/div><!--\/.singleSlide-->\n<\/div><!--\/#sliderWrap-->\n<div class=\"append\"><\/div>\n<\/section>\n\n\n<script>\njQuery(document).ready(function($) {  \n$('#sliderWrap-block_4f047701971251d57cff11f2c951872d').slick({\n    autoplay: false,\n    autoplaySpeed: 4500,\n    speed: 1000,\n    slidesToShow: 1,\n    arrows: false,\n \n    pauseOnHover: false,\n    prevArrow: '<button class=\"slick-arrow slick-prev\"><i class=\"fas fa-chevron-left\"><\/i><\/button>',\n    nextArrow: '<button class=\"slick-arrow slick-next\"><i class=\"fas fa-chevron-right\"><\/i><\/button>',\n    responsive: [\n    {\n      breakpoint: 991,\n      settings: {\n        slidesToShow: 1,\n        slidesToScroll: 1,\n        infinite: true,\n        dots: true\n      }\n    },\n    {\n      breakpoint: 767,\n      settings: {\n        slidesToShow: 1,\n        slidesToScroll: 1,\n        infinite: true,\n        dots: true\n      }\n    },\n    ]\n});\n});\n<\/script><\/div><\/div><\/div><\/div><\/div>\n\n\n\n<div class=\"wp-block-getwid-section getwid-anim fadeInUpShort getwid-margin-top-none getwid-margin-bottom-none getwid-section-content-full-width\" data-wow-duration=\"1500ms\" data-wow-delay=\"200ms\"><div class=\"wp-block-getwid-section__wrapper getwid-padding-top-none getwid-padding-bottom-none getwid-margin-left-none getwid-margin-right-none\" style=\"padding-left:15px;padding-right:15px\"><div class=\"wp-block-getwid-section__inner-wrapper\"><div class=\"wp-block-getwid-section__background-holder\"><div class=\"wp-block-getwid-section__background\"><\/div><div class=\"wp-block-getwid-section__foreground\"><\/div><\/div><div class=\"wp-block-getwid-section__content\"><div class=\"wp-block-getwid-section__inner-content\"><\/div><\/div><\/div><\/div><\/div>\n\n\n\n<div class=\"wp-block-getwid-section getwid-anim slideInLeft getwid-margin-top-none getwid-margin-bottom-none getwid-section-content-full-width\" data-wow-duration=\"1500ms\" data-wow-delay=\"200ms\"><div class=\"wp-block-getwid-section__wrapper getwid-margin-left-none getwid-margin-right-none\" style=\"padding-top:120px;padding-bottom:90px\"><div class=\"wp-block-getwid-section__inner-wrapper\"><div class=\"wp-block-getwid-section__background-holder\"><div class=\"wp-block-getwid-section__background has-background\" style=\"background-color:#222222\"><\/div><div class=\"wp-block-getwid-section__foreground\"><\/div><\/div><div class=\"wp-block-getwid-section__content\"><div class=\"wp-block-getwid-section__inner-content\">\n<p><\/p>\n<\/div><\/div><\/div><\/div><\/div>\n\n\n\n<div class=\"wp-block-getwid-section getwid-anim fadeInDown getwid-margin-top-none getwid-margin-bottom-none getwid-section-content-full-width\" data-wow-duration=\"1500ms\" data-wow-delay=\"200ms\"><div class=\"wp-block-getwid-section__wrapper getwid-padding-top-none getwid-padding-bottom-none getwid-padding-left-none getwid-padding-right-none getwid-margin-left-none getwid-margin-right-none\"><div class=\"wp-block-getwid-section__inner-wrapper\"><div class=\"wp-block-getwid-section__background-holder\"><div class=\"wp-block-getwid-section__background\"><\/div><div class=\"wp-block-getwid-section__foreground\"><\/div><\/div><div class=\"wp-block-getwid-section__content\"><div class=\"wp-block-getwid-section__inner-content\">\n<div class=\"wp-block-columns margina-dolje-0 punaSirinaStupci izravnaj is-layout-flex wp-container-core-columns-is-layout-28f84493 wp-block-columns-is-layout-flex\">\n<div class=\"wp-block-column is-layout-flow wp-block-column-is-layout-flow\">\n<div class=\"wp-block-getwid-section\"><div class=\"wp-block-getwid-section__wrapper\" style=\"padding-top:15vh;padding-bottom:15vh;padding-left:30px;padding-right:30px\"><div class=\"wp-block-getwid-section__inner-wrapper\"><div class=\"wp-block-getwid-section__background-holder\"><div class=\"wp-block-getwid-section__background\" style=\"background-image:linear-gradient(135deg,rgb(255,115,8) 0%,rgb(255,115,8) 50%,rgb(209,98,14) 100%)\"><\/div><div class=\"wp-block-getwid-section__foreground\"><\/div><\/div><div class=\"wp-block-getwid-section__content\"><div class=\"wp-block-getwid-section__inner-content\">\n<h2 class=\"wp-block-heading has-white-color has-text-color\">Za\u0161to vatromet?<br>Vatromet uvijek izmami neki uzdah ili vrisak. Vatromet je ekipi zabavan i to\u010dka.<br>S vatrometom \u0107e\u0161 imati svoj trenutak za pam\u0107enje\u2026<\/h2>\n\n\n\n<div class=\"wp-block-buttons is-layout-flex wp-block-buttons-is-layout-flex\">\n<div class=\"wp-block-button invertedButton is-style-fill\"><a class=\"wp-block-button__link wp-element-button\" href=\"#\">Vi\u0161e<\/a><\/div>\n<\/div>\n<\/div><\/div><\/div><\/div><\/div>\n<\/div>\n\n\n\n<div class=\"wp-block-column is-layout-flow wp-block-column-is-layout-flow\">\n<div class=\"wp-block-getwid-section getwid-section-content-full-width\"><div class=\"wp-block-getwid-section__wrapper getwid-padding-top-none getwid-padding-bottom-none getwid-padding-left-none getwid-padding-right-none\"><div class=\"wp-block-getwid-section__inner-wrapper\"><div class=\"wp-block-getwid-section__background-holder\"><div class=\"wp-block-getwid-section__background\"><\/div><div class=\"wp-block-getwid-section__foreground\"><\/div><\/div><div class=\"wp-block-getwid-section__content\"><div class=\"wp-block-getwid-section__inner-content\">\n<figure class=\"wp-block-image size-large\"><img loading=\"lazy\" decoding=\"async\" width=\"1024\" height=\"576\" src=\"http:\/\/localhost:3000\/basic20\/project\/basic2\/wp-content\/uploads\/sites\/3\/2021\/12\/4156732-1024x576.jpg\" alt=\"4156732\" class=\"wp-image-18\" srcset=\"https:\/\/pletervatrometi.hr\/cms\/wp-content\/uploads\/2021\/12\/4156732-1024x576.jpg 1024w, https:\/\/pletervatrometi.hr\/cms\/wp-content\/uploads\/2021\/12\/4156732-300x169.jpg 300w, https:\/\/pletervatrometi.hr\/cms\/wp-content\/uploads\/2021\/12\/4156732-768x432.jpg 768w, https:\/\/pletervatrometi.hr\/cms\/wp-content\/uploads\/2021\/12\/4156732-1536x864.jpg 1536w, https:\/\/pletervatrometi.hr\/cms\/wp-content\/uploads\/2021\/12\/4156732-2048x1152.jpg 2048w, https:\/\/pletervatrometi.hr\/cms\/wp-content\/uploads\/2021\/12\/4156732-700x394.jpg 700w\" sizes=\"auto, (max-width: 1024px) 100vw, 1024px\" \/><\/figure>\n<\/div><\/div><\/div><\/div><\/div>\n<\/div>\n<\/div>\n<\/div><\/div><\/div><\/div><\/div>\n\n\n\n<div class=\"wp-block-getwid-section getwid-anim fadeInUp getwid-margin-top-none getwid-margin-bottom-none getwid-section-content-full-width\" data-wow-duration=\"1500ms\" data-wow-delay=\"200ms\"><div class=\"wp-block-getwid-section__wrapper getwid-padding-top-none getwid-padding-bottom-none getwid-padding-left-none getwid-padding-right-none getwid-margin-left-none getwid-margin-right-none\"><div class=\"wp-block-getwid-section__inner-wrapper\"><div class=\"wp-block-getwid-section__background-holder\"><div class=\"wp-block-getwid-section__background\"><\/div><div class=\"wp-block-getwid-section__foreground\"><\/div><\/div><div class=\"wp-block-getwid-section__content\"><div class=\"wp-block-getwid-section__inner-content\">\n<div class=\"wp-block-columns margina-dolje-0 punaSirinaStupci izravnaj is-layout-flex wp-container-core-columns-is-layout-28f84493 wp-block-columns-is-layout-flex\">\n<div class=\"wp-block-column is-layout-flow wp-block-column-is-layout-flow\">\n<div class=\"wp-block-getwid-section getwid-section-content-full-width\"><div class=\"wp-block-getwid-section__wrapper getwid-padding-top-none getwid-padding-bottom-none getwid-padding-left-none getwid-padding-right-none\"><div class=\"wp-block-getwid-section__inner-wrapper\"><div class=\"wp-block-getwid-section__background-holder\"><div class=\"wp-block-getwid-section__background\"><\/div><div class=\"wp-block-getwid-section__foreground\"><\/div><\/div><div class=\"wp-block-getwid-section__content\"><div class=\"wp-block-getwid-section__inner-content\">\n<figure class=\"wp-block-image size-large\"><img loading=\"lazy\" decoding=\"async\" width=\"1024\" height=\"576\" src=\"http:\/\/localhost:3000\/basic20\/project\/basic2\/wp-content\/uploads\/sites\/3\/2021\/12\/4156728-1024x576.jpg\" alt=\"4156728\" class=\"wp-image-17\" srcset=\"https:\/\/pletervatrometi.hr\/cms\/wp-content\/uploads\/2021\/12\/4156728-1024x576.jpg 1024w, https:\/\/pletervatrometi.hr\/cms\/wp-content\/uploads\/2021\/12\/4156728-300x169.jpg 300w, https:\/\/pletervatrometi.hr\/cms\/wp-content\/uploads\/2021\/12\/4156728-768x432.jpg 768w, https:\/\/pletervatrometi.hr\/cms\/wp-content\/uploads\/2021\/12\/4156728-1536x864.jpg 1536w, https:\/\/pletervatrometi.hr\/cms\/wp-content\/uploads\/2021\/12\/4156728-2048x1152.jpg 2048w, https:\/\/pletervatrometi.hr\/cms\/wp-content\/uploads\/2021\/12\/4156728-700x394.jpg 700w\" sizes=\"auto, (max-width: 1024px) 100vw, 1024px\" \/><\/figure>\n<\/div><\/div><\/div><\/div><\/div>\n<\/div>\n\n\n\n<div class=\"wp-block-column is-layout-flow wp-block-column-is-layout-flow\">\n<div class=\"wp-block-getwid-section\"><div class=\"wp-block-getwid-section__wrapper\" style=\"padding-top:15vh;padding-bottom:15vh;padding-left:30px;padding-right:30px\"><div class=\"wp-block-getwid-section__inner-wrapper\"><div class=\"wp-block-getwid-section__background-holder\"><div class=\"wp-block-getwid-section__background\" style=\"background-image:linear-gradient(135deg,rgb(255,115,8) 0%,rgb(255,115,8) 50%,rgb(209,98,14) 100%)\"><\/div><div class=\"wp-block-getwid-section__foreground\"><\/div><\/div><div class=\"wp-block-getwid-section__content\"><div class=\"wp-block-getwid-section__inner-content\">\n<h2 class=\"wp-block-heading has-white-color has-text-color\">vrhunski scenski efekti<\/h2>\n\n\n\n<p class=\"has-white-color has-text-color\">Konfete, mjehuri\u0107i, dim, vatre\u2026<br>\u0160to god ti padne na pamet. Vjeruj nam dosada je nemogu\u0107a. Svi \u0107e se zabaviti i imat \u0107e\u0161 wow efekt\u2026<\/p>\n\n\n\n<p class=\"has-white-color has-text-color\"><\/p>\n\n\n\n<div class=\"wp-block-buttons is-layout-flex wp-block-buttons-is-layout-flex\">\n<div class=\"wp-block-button is-style-fill invertedButton\"><a class=\"wp-block-button__link wp-element-button\" href=\"#\">Vi\u0161e<\/a><\/div>\n<\/div>\n<\/div><\/div><\/div><\/div><\/div>\n<\/div>\n<\/div>\n<\/div><\/div><\/div><\/div><\/div>\n\n\n\n<div class=\"wp-block-getwid-section getwid-anim fadeIn getwid-section-content-full-width\" data-wow-duration=\"1500ms\" data-wow-delay=\"200ms\"><div class=\"wp-block-getwid-section__wrapper getwid-padding-left-none getwid-padding-right-none\" style=\"padding-top:150px;padding-bottom:200px\"><div class=\"wp-block-getwid-section__inner-wrapper\"><div class=\"wp-block-getwid-section__background-holder\"><div class=\"wp-block-getwid-section__background\" style=\"background-image:url('https:\/\/webart.com.hr\/basic2\/wp-content\/uploads\/sites\/3\/2022\/01\/dragon-scales.svg');background-repeat:repeat;background-size:auto\"><div class=\"wp-block-getwid-section__background-image-wrapper\"><img decoding=\"async\" class=\"wp-block-getwid-section__background-image\" src=\"https:\/\/webart.com.hr\/basic2\/wp-content\/uploads\/sites\/3\/2022\/01\/dragon-scales.svg\" alt=\"dragon-scales\"\/><\/div><\/div><div class=\"wp-block-getwid-section__foreground\" style=\"opacity:0;background-color:#000000\"><\/div><\/div><div class=\"wp-block-getwid-section__content\"><div class=\"wp-block-getwid-section__inner-content\"><style>\n    #basic-blok-pohvale_block_73d305ed484deee6e3e0a2d33545b1d9 {\n    color: #ffffff; \n    }\n<\/style>\n\n<section id=\"basic-blok-pohvale_block_73d305ed484deee6e3e0a2d33545b1d9\" class=\"basic-blok-pohvale container\">\n<div class=\"naslovSegmenta\">\n\n<div class=\"divider\" style=\"display:none;\">\n<svg xmlns=\"http:\/\/www.w3.org\/2000\/svg\" viewBox=\"0 0 320.83 21.83\"><path fill=\"none\" stroke=\"#fff\" stroke-miterlimit=\"10\" stroke-width=\"2.835\" d=\"M20.21 11.31h279.71\"\/><circle cx=\"10.92\" cy=\"10.92\" r=\"9.5\" fill=\"none\" stroke=\"#fff\" stroke-miterlimit=\"10\" stroke-width=\"2.835\"\/><circle cx=\"309.92\" cy=\"10.92\" r=\"9.5\" fill=\"none\" stroke=\"#fff\" stroke-miterlimit=\"10\" stroke-width=\"2.835\"\/><\/svg><\/div><!--\/.divider--><h2>\u0160to ka\u017eu klijenti?<\/h2>\n<\/div><!--\/.naslovSegmenta-->\n\n<div class=\"sliderOuter\">\n<div id=\"pohvaleSlider_block_73d305ed484deee6e3e0a2d33545b1d9\" class=\"pohvaleSlider\">\n<div class=\"singleSlide\">\n    <div class=\"slideInner\">\n<div class=\"fotkaWrap\">\n<figure>\n        <img decoding=\"async\" src=\"https:\/\/pletervatrometi.hr\/cms\/wp-content\/themes\/basic20\/dist\/images\/muski.png\">\n    <\/figure>\n<\/div><!--\/.fotkaWrap-->\n<div class=\"opis\">\n<p>Vatromet nije pro\u0161ao unutar ocekivanja. Prosao je izvan ocekivanja!<br \/>\nStvarno nas je ugodno iznenadilo koliko su bili bogati efekti, bilo je bolje nego sto smo ocekivali. I svi gosti su bili iznenadjeni i odusevljeni, tako da je vatromet bio veliki uspjeh.<br \/>\nEvo hvala Vam jos jednom od srca sto ste nam pomogli u cijeloj organizaciji i imali strpljenja sa svim nasim pitanjima.<\/p>\n<div class=\"autor\">\n    <\/div><!--\/.autor-->\n<\/div><!--\/.opis-->\n<\/div><!--\/.slideInner-->\n<\/div><!--\/.singleSlide-->\n<\/div><!--\/.sliderOuter-->\n<\/div><!--\/#pohvaleSlider_block_73d305ed484deee6e3e0a2d33545b1d9-->\n<\/section>\n<script>\n    jQuery(document).ready(function($){\n        $('#pohvaleSlider_block_73d305ed484deee6e3e0a2d33545b1d9').slick({\n            dots: true,\n            arrows: false,\n            fade: true,\n        });\n    });\n<\/script><\/div><\/div><\/div><\/div><\/div>\n\n\n\n<div class=\"wp-block-getwid-section getwid-anim fadeInUp getwid-section-content-full-width\" data-wow-duration=\"1500ms\" data-wow-delay=\"200ms\"><div class=\"wp-block-getwid-section__wrapper\" style=\"padding-top:60px;padding-bottom:0px\"><div class=\"wp-block-getwid-section__inner-wrapper\"><div class=\"wp-block-getwid-section__background-holder\"><div class=\"wp-block-getwid-section__background\"><\/div><div class=\"wp-block-getwid-section__foreground\"><\/div><\/div><div class=\"wp-block-getwid-section__content\"><div class=\"wp-block-getwid-section__inner-content\"><style>\n    #basic-blok-prednosti_block_d5118b45f71d062ebb1ba22790426b4a {\n    color: ;\n    text-align: left;  \n    }\n    #basic-blok-prednosti_block_d5118b45f71d062ebb1ba22790426b4a figure {\n    border-radius:0px;    \n    padding: 10px;\n    background-color: transparent;\n    }\n<\/style>\n\n<section id=\"basic-blok-brandovi_block_d5118b45f71d062ebb1ba22790426b4a\" class=\"basic-blok-brandovi \">\n<div class=\"naslovSegmenta\">\n\n<div class=\"divider\" style=\"display:none;\">\n<svg xmlns=\"http:\/\/www.w3.org\/2000\/svg\" viewBox=\"0 0 320.83 21.83\"><path fill=\"none\" stroke=\"#fff\" stroke-miterlimit=\"10\" stroke-width=\"2.835\" d=\"M20.21 11.31h279.71\"\/><circle cx=\"10.92\" cy=\"10.92\" r=\"9.5\" fill=\"none\" stroke=\"#fff\" stroke-miterlimit=\"10\" stroke-width=\"2.835\"\/><circle cx=\"309.92\" cy=\"10.92\" r=\"9.5\" fill=\"none\" stroke=\"#fff\" stroke-miterlimit=\"10\" stroke-width=\"2.835\"\/><\/svg><\/div><!--\/.divider--><h2>Na\u0161i partneri<\/h2>\n<\/div><!--\/.naslovSegmenta-->\n<div class=\"row justify-content-center\">\n<\/div><!--\/.row-->\n<\/section><\/div><\/div><\/div><\/div><\/div>\n\n\n\n<div class=\"wp-block-getwid-section getwid-anim fadeInDown getwid-margin-top-none getwid-margin-bottom-none getwid-section-content-full-width\" data-wow-duration=\"1500ms\" data-wow-delay=\"200ms\"><div class=\"wp-block-getwid-section__wrapper getwid-padding-bottom-none getwid-padding-left-none getwid-padding-right-none getwid-margin-left-none getwid-margin-right-none\" style=\"padding-top:60px\"><div class=\"wp-block-getwid-section__inner-wrapper\"><div class=\"wp-block-getwid-section__background-holder\"><div class=\"wp-block-getwid-section__background\"><\/div><div class=\"wp-block-getwid-section__foreground\"><\/div><\/div><div class=\"wp-block-getwid-section__content\"><div class=\"wp-block-getwid-section__inner-content\">\n<section id=\"carouselSlider-block_63b821d93b79aba839dc9ef31611ed92\" class=\"basic-carousel-slider-block \">\n<div id=\"basic-blok-carousel-slider-block_63b821d93b79aba839dc9ef31611ed92\">\n<\/div><!--\/#sliderWrap-->\n<\/section>\n\n\n<script>\njQuery(document).ready(function($) {  \n$('#basic-blok-carousel-slider-block_63b821d93b79aba839dc9ef31611ed92').slick({\n    autoplay: false,\n    autoplaySpeed: 4500,\n    speed: 1000,\n    slidesToShow: 2,\n    slidesToScroll: 1,\n    arrows: false,\n \n    pauseOnHover: false,\n    prevArrow: '<button class=\"slick-arrow slick-prev\"><i class=\"fas fa-chevron-left\"><\/i><\/button>',\n    nextArrow: '<button class=\"slick-arrow slick-next\"><i class=\"fas fa-chevron-right\"><\/i><\/button>',\n    responsive: [\n    {\n      breakpoint: 1400,\n      settings: {\n        slidesToShow: 2,\n        slidesToScroll: 1,\n        infinite: true,\n        dots: false\n      }\n    },\n    {\n      breakpoint: 1199,\n      settings: {\n        slidesToShow: 2,\n        slidesToScroll: 1,\n        infinite: true,\n        dots: false\n      }\n    },\n    {\n      breakpoint: 991,\n      settings: {\n        slidesToShow: 2,\n        slidesToScroll: 1,\n        infinite: true,\n        dots: false\n      }\n    },\n    {\n      breakpoint: 767,\n      settings: {\n        slidesToShow: 1,\n        slidesToScroll: 1,\n        infinite: true,\n        dots: false\n      }\n    },\n    ]\n});\n\n});\n<\/script><\/div><\/div><\/div><\/div><\/div>\n\n\n\n<div class=\"wp-block-getwid-section getwid-anim zoomIn getwid-margin-top-none getwid-margin-bottom-none getwid-section-content-full-width\" data-wow-duration=\"1500ms\" data-wow-delay=\"200ms\"><div class=\"wp-block-getwid-section__wrapper getwid-margin-left-none getwid-margin-right-none\" style=\"padding-top:135px;padding-bottom:135px\"><div class=\"getwid-background-video-controls\"><button class=\"getwid-background-video-play\"><i class=\"getwid-icon getwid-icon-pause\"><\/i><\/button><button class=\"getwid-background-video-mute\"><i class=\"getwid-icon getwid-icon-mute\"><\/i><\/button><\/div><div class=\"wp-block-getwid-section__inner-wrapper\"><div class=\"wp-block-getwid-section__background-holder\"><div class=\"wp-block-getwid-section__background\"><div class=\"wp-block-getwid-section__background-video-wrapper\"><div class=\"wp-block-getwid-section__background-video source-youtube scale-youtube-medium\" youtube-video-url=\"https:\/\/www.youtube.com\/watch?v=3RmB6yvLhjQ\" youtube-video-muted=\"true\" youtube-video-loop=\"true\" youtube-video-autoplay=\"true\"><div class=\"wp-block-getwid-section__background-video-youtube\"><\/div><\/div><\/div><\/div><div class=\"wp-block-getwid-section__foreground\" style=\"opacity:0.35;background-color:#000000\"><\/div><\/div><div class=\"wp-block-getwid-section__content\"><div class=\"wp-block-getwid-section__inner-content\">\n<style>\n    #basic-blok-usluge_block_c549844cbfb82ffe1ca7b40bd1d7e5ab, #basic-blok-usluge_block_c549844cbfb82ffe1ca7b40bd1d7e5ab a {\n    color: #ffffff;\n    }\n<\/style>\n\n<section id=\"basic-blok-usluge_block_c549844cbfb82ffe1ca7b40bd1d7e5ab\" class=\"basic-blok-usluge container\">\n<div class=\"naslovSegmenta\">\n<h2>Na\u0161e usluge<\/h2>\n<\/div><!--\/.naslovSegmenta-->\n<div class=\"row justify-content-center\">\n\n<div class=\"col-lg-3 col-md-6 col-12 outer\">\n<a href=\"#\">\n<div class=\"innerWrap\">\n<div class=\"fotkaWrap\">\n<figure>\n<img decoding=\"async\" src=\"\" alt=\"Scenski efekti\" \/>\n<\/figure>\n<\/div><!--\/.fotkaWrap-->\n<div class=\"naslovOpis\">\n<div class=\"naslov\">\n<h3>Scenski efekti<\/h3>\n<\/div><!--\/.naslov-->\n<div class=\"opis\">\n    Ispu\u0161tanje konfeta, streamera, dima, balona Plamenovi\/vatre Fontane za pozornice CO2 gun Bubble oluja-sapunica Zasnje\u017eivanje prostora umjetnim snijegom&#8230;<\/div><!--\/.opis-->\n<\/div><!--\/.naslovOpis-->\n<\/div><!--\/.innerWrap-->\n<button><i class=\"fas fa-plus\"><\/i><\/button>\n<\/a>\n<\/div><!--\/.outer-->\n<\/div><!--\/.row-->\n<\/section><\/div><\/div><\/div><\/div><\/div>\n\n\n\n<div class=\"wp-block-getwid-section alignfull getwid-anim slideInUp getwid-section-content-full-width\" data-wow-duration=\"1500ms\" data-wow-delay=\"200ms\"><div class=\"wp-block-getwid-section__wrapper getwid-padding-top-large getwid-padding-bottom-large getwid-padding-left-medium getwid-padding-right-medium\" style=\"min-height:70vh\"><div class=\"wp-block-getwid-section__inner-wrapper\"><div class=\"wp-block-getwid-section__background-holder\"><div class=\"wp-block-getwid-section__background\" style=\"background-image:url('https:\/\/pletervatrometi.hr\/cms\/wp-content\/uploads\/2024\/09\/2024_05_30_vatromet-11.jpg')\"><div class=\"wp-block-getwid-section__background-image-wrapper\"><img decoding=\"async\" class=\"wp-block-getwid-section__background-image\" src=\"https:\/\/pletervatrometi.hr\/cms\/wp-content\/uploads\/2024\/09\/2024_05_30_vatromet-11.jpg\" alt=\"vatromet u gradu Splitu\"\/><\/div><\/div><div class=\"wp-block-getwid-section__foreground\" style=\"opacity:0.65;background-color:#000000\"><\/div><\/div><div class=\"wp-block-getwid-section__content\"><div class=\"wp-block-getwid-section__inner-content\">\n<h2 class=\"wp-block-heading has-text-align-center has-white-color has-text-color\">Spremi za suradnju?<\/h2>\n\n\n\n<div class=\"wp-block-buttons is-layout-flex wp-block-buttons-is-layout-flex\">\n<div class=\"wp-block-button centriraj\"><a class=\"wp-block-button__link wp-element-button\">Konteaktirajte nas<\/a><\/div>\n<\/div>\n<\/div><\/div><\/div><\/div><\/div>\n","protected":false},"excerpt":{"rendered":"","protected":false},"author":3,"featured_media":0,"parent":0,"menu_order":0,"comment_status":"closed","ping_status":"closed","template":"template-naslovnica.php","meta":{"slim_seo":{"title":"Pleter Vatrometi \u2013 Vatromet za sve doga\u0111aje","description":"Sa preko 25 godina iskustva u vatrometima, pru\u017eamo sigurne i spektakularne vatromete za svaki poseban trenutak"},"footnotes":""},"class_list":["post-1331","page","type-page","status-publish","hentry"],"acf":[],"_links":{"self":[{"href":"https:\/\/pletervatrometi.hr\/en\/wp-json\/wp\/v2\/pages\/1331","targetHints":{"allow":["GET"]}}],"collection":[{"href":"https:\/\/pletervatrometi.hr\/en\/wp-json\/wp\/v2\/pages"}],"about":[{"href":"https:\/\/pletervatrometi.hr\/en\/wp-json\/wp\/v2\/types\/page"}],"author":[{"embeddable":true,"href":"https:\/\/pletervatrometi.hr\/en\/wp-json\/wp\/v2\/users\/3"}],"replies":[{"embeddable":true,"href":"https:\/\/pletervatrometi.hr\/en\/wp-json\/wp\/v2\/comments?post=1331"}],"version-history":[{"count":6,"href":"https:\/\/pletervatrometi.hr\/en\/wp-json\/wp\/v2\/pages\/1331\/revisions"}],"predecessor-version":[{"id":1818,"href":"https:\/\/pletervatrometi.hr\/en\/wp-json\/wp\/v2\/pages\/1331\/revisions\/1818"}],"wp:attachment":[{"href":"https:\/\/pletervatrometi.hr\/en\/wp-json\/wp\/v2\/media?parent=1331"}],"curies":[{"name":"wp","href":"https:\/\/api.w.org\/{rel}","templated":true}]}}